{"id":38228,"date":"2022-02-15T12:43:50","date_gmt":"2022-02-15T11:43:50","guid":{"rendered":"https:\/\/www.icollagen.sk\/?page_id=38228"},"modified":"2022-02-15T12:43:50","modified_gmt":"2022-02-15T11:43:50","slug":"zasady-ochrany-osobnich-udaju","status":"publish","type":"page","link":"https:\/\/www.icollagen.sk\/cs\/zasady-ochrany-osobnich-udaju\/","title":{"rendered":"Z\u00e1sady ochrany osobn\u00edch \u00fadaj\u016f"},"content":{"rendered":"\r\n<p><strong>Podm\u00ednky spole\u010dnosti iCollagen.sk s.r.o. pro pou\u017e\u00edv\u00e1n\u00ed soubor\u016f cookies a ochran\u011b osobn\u00edch \u00fadaj\u016f v souvislosti s t\u011bmito soubory<\/strong><\/p>\r\n<p>&nbsp;<\/p>\r\n<p>Podm\u00ednky spole\u010dnosti iCollagen.sk s.r.o., I\u010cO 52797571, DI\u010c: 2121230243, Komensk\u00e9ho 18\/5, 94501 Kom\u00e1rno, Slovensk\u00e1 republika pro pou\u017e\u00edv\u00e1n\u00ed soubor\u016f cookies a ochran\u011b osobn\u00edch \u00fadaj\u016f v souvislosti s t\u011bmito soubory.<\/p>\r\n<p><strong>1.<\/strong><\/p>\r\n<p>Tyto podm\u00ednky dopl\u0148uj\u00ed a rozv\u00e1d\u011bj\u00ed v\u0161eobecn\u00e9 obchodn\u00ed podm\u00ednky spole\u010dnosti iCollagen.sk s.r.o., I\u010cO 52797571, DI\u010c: 2121230243, Komensk\u00e9ho 18\/5, 94501 Kom\u00e1rno, Slovensk\u00e1 republika (d\u00e1le jen &#8222;spole\u010dnost iCollagen.sk&#8220; \u010di &#8222;prod\u00e1vaj\u00edc\u00ed&#8220;) platn\u00e9 a \u00fa\u010dinn\u00e9 od 1.3. 2021, zejm\u00e9na ustanoven\u00ed bodu 9. zm\u00edn\u011bn\u00fdch obchodn\u00edch podm\u00ednek nazvan\u00e9ho Bezpe\u010dnost a ochrana informac\u00ed a byly vytvo\u0159eny s souladu s ustanoven\u00edmi z\u00e1kona \u010d. z\u00e1kona \u010d. 122\/2013 CFU o ochran\u011b osobn\u00edch \u00fadaj\u016f ao zm\u011bn\u011b n\u011bkter\u00fdch z\u00e1kon\u016f ve zn\u011bn\u00ed pozd\u011bj\u0161\u00edch p\u0159edpis\u016f (d\u00e1le jen &#8222;ZnOO\u00da&#8220;), ustanoven\u00edmi Sm\u011brnice 95\/46 \/ ES o ochran\u011b fyzick\u00fdch osob p\u0159i zpracov\u00e1n\u00ed osobn\u00edch \u00fadaj\u016f a voln\u00e9m pohybu t\u011bchto \u00fadaj\u016f, ustanoven\u00edmi Sm\u011brnice 2002\/58 \/ ES o soukrom\u00ed a elektronick\u00fdch komunikac\u00edch, jako\u017e i v souladu s obsahem stanovisek \u00da\u0159adu pro ochranu osobn\u00edch \u00fadaj\u016f.<\/p>\r\n<p><strong>2.<\/strong><\/p>\r\n<p>Soubory cookies jsou mal\u00e9 textov\u00e9 soubory, kter\u00e9 se ukl\u00e1daj\u00ed do koncov\u00e9ho za\u0159\u00edzen\u00ed \u010di pam\u011bti koncov\u00fdch za\u0159\u00edzen\u00ed u\u017eivatel\u016f webov\u00fdch str\u00e1nek spole\u010dnosti iCollagen.sk a jejich z\u00e1kazn\u00edk\u016f (tito d\u00e1le jen &#8222;kupuj\u00edc\u00ed&#8220;). Tyto soubory nutn\u011b neobsahuj\u00ed osobn\u00ed \u00fadaje jednotliv\u00fdch kupuj\u00edc\u00edch nebo u\u017eivatel\u016f webov\u00fdch str\u00e1nek prod\u00e1vaj\u00edc\u00edho, ale v p\u0159\u00edpad\u011b, kdy z\u00e1kazn\u00edk takov\u00e9 \u00fadaje spole\u010dnosti iCollagen.sk v souvislosti s uzav\u0159en\u00edm z\u00e1vazkov\u00e9ho pr\u00e1vn\u00edho vztahu, zejm\u00e9na pak kupn\u00ed smlouvy, poskytne, mohou b\u00fdt takov\u00e9 osobn\u00ed \u00fadaje p\u0159i\u0159azeny k informac\u00edm ulo\u017een\u00fdm v p\u0159\u00edslu\u0161n\u00fdch souborech cookies.<\/p>\r\n<p><strong>3.<\/strong><\/p>\r\n<p>Spole\u010dnost iCollagen.sk respektuje soukrom\u00ed ka\u017ed\u00e9ho jednotlivce, kter\u00fd nav\u0161t\u00edv\u00ed jej\u00ed internetov\u00e9 str\u00e1nky a ve\u0161ker\u00e9 informace shrom\u00e1\u017ed\u011bn\u00e9 o u\u017eivatel\u00edch \u010di kupuj\u00edc\u00edch budou pou\u017eity p\u0159edev\u0161\u00edm na zlep\u0161en\u00ed na\u0161ich slu\u017eeb. Toho dosahujeme pat\u0159i\u010dn\u00fdm pou\u017e\u00edv\u00e1n\u00edm informac\u00ed. Spole\u010dnost iCollagen.sk vyu\u017e\u00edv\u00e1 technologii cookies v\u00fdhradn\u011b za \u00fa\u010delem zlep\u0161en\u00ed a zjednodu\u0161en\u00ed pohybu u\u017eivatel\u016f na jejich webov\u00fdch str\u00e1nk\u00e1ch, optimalizaci t\u011bchto str\u00e1nek pro jejich u\u017eivatele, d\u00e1le za \u00fa\u010delem zaji\u0161t\u011bn\u00ed lep\u0161\u00edch slu\u017eeb pro kupuj\u00edc\u00edho a d\u00e1le pro marketingov\u00e9 \u00fa\u010dely, v\u0161e za \u00fa\u010delem zlep\u0161en\u00ed p\u00e9\u010de o sv\u00e9 sou\u010dasn\u00e9 i budouc\u00ed z\u00e1kazn\u00edky (kupuj\u00edc\u00ed) a u\u017eivatele webov\u00fdch str\u00e1nek prod\u00e1vaj\u00edc\u00edho odpov\u00eddaj\u00edc\u00ed jejich individu\u00e1ln\u00edm pot\u0159eb\u00e1m.<\/p>\r\n<p><strong>4.<\/strong><\/p>\r\n<p>Spole\u010dnost iCollagen.sk pou\u017e\u00edv\u00e1 2 typy soubor\u016f cookies:<\/p>\r\n<p>Trval\u00e9 cookies &#8211; tyto z\u016fst\u00e1vaj\u00ed v koncov\u00e9m za\u0159\u00edzen\u00ed u\u017eivatele webov\u00fdch str\u00e1nek \u010di kupuj\u00edc\u00edho a\u017e do jejich smaz\u00e1n\u00ed<\/p>\r\n<p>Do\u010dasn\u00e9 cookies &#8211; tyto se automaticky sma\u017eou spole\u010dn\u011b s ukon\u010den\u00edm internetov\u00e9ho prohl\u00ed\u017ee\u010de u\u017eivatele webov\u00fdch str\u00e1nek \u010di kupuj\u00edc\u00edho<\/p>\r\n<p>5.<\/p>\r\n<p>Pomoc\u00ed technologie Sobor cookies zji\u0161\u0165uje spole\u010dnost iCollagen.sk n\u00e1sleduj\u00edc\u00ed informace, kter\u00e9 se ukl\u00e1daj\u00ed do koncov\u00fdch za\u0159\u00edzen\u00ed u\u017eivatel\u016f webov\u00fdch str\u00e1nek spole\u010dnosti iCollagen.sk:<\/p>\r\n<p>_utm * &#8211; google analytics cookies, platn\u00e9 2 roky<\/p>\r\n<p>PHPSESSID &#8211; platn\u00e9 pokud skon\u010d\u00ed session, dr\u017e\u00ed informaci o u\u017eivatelov\u00fdch nastaven\u00edch \/ login, ko\u0161\u00edk apod.<\/p>\r\n<p>6.<\/p>\r\n<p>Nastaven\u00edm Va\u0161eho webov\u00e9ho prohl\u00ed\u017ee\u010de vyjad\u0159ujete sv\u016fj souhlas s ukl\u00e1d\u00e1n\u00edm soubor\u016f cookies na jeho koncov\u00e9 za\u0159\u00edzen\u00ed ze strany spole\u010dnosti iCollagen.sk. Z\u00e1rove\u0148 t\u00edm d\u00e1v\u00e1 souhlas k propojen\u00ed jeho osobn\u00edch \u00fadaj\u016f, kter\u00e9 v souladu s v\u0161eobecn\u00fdmi obchodn\u00edmi podm\u00ednkami za \u00fa\u010delem napln\u011bn\u00ed p\u0159edm\u011btu kupn\u00ed smlouvy prod\u00e1vaj\u00edc\u00edmu poskytl, s informacemi obsa\u017een\u00fdmi v souborech cookies, kter\u00e9 se ukl\u00e1daj\u00ed nebo u\u017e jsou ulo\u017eeny na jeho koncov\u00e9m za\u0159\u00edzen\u00ed.<\/p>\r\n<p><strong>7.<\/strong><\/p>\r\n<p>U\u017eivatel webov\u00fdch str\u00e1nek spole\u010dnosti iCollagen.sk je p\u0159ed n\u00e1v\u0161t\u011bvou str\u00e1nek www.icollagen.sk informov\u00e1n o p\u0159\u00edpadn\u00e9m ulo\u017een\u00ed souboru cookies na jeho koncov\u00e9 za\u0159\u00edzen\u00ed, d\u00e1le je stru\u010dn\u011b informov\u00e1n o \u00fadaj\u00edch, kter\u00e9 se do cookies na jeho koncov\u00e9m za\u0159\u00edzen\u00ed budou ukl\u00e1dat i o mo\u017enostech vedouc\u00edch k zamezen\u00ed ukl\u00e1d\u00e1n\u00ed t\u011bchto soubor\u016f.<\/p>\r\n<p><strong>8.<\/strong><\/p>\r\n<p>Kupuj\u00edc\u00ed i u\u017eivatel\u00e9 mohou tento souhlas odm\u00edtnout prost\u0159ednictv\u00edm individu\u00e1ln\u00edho nastaven\u00ed ukl\u00e1d\u00e1n\u00ed soubor\u016f cookies na sv\u00e9m koncov\u00e9m za\u0159\u00edzen\u00ed (opr\u00e1vn\u011bn\u00ed pouze pro ur\u010dit\u00e9 weby), d\u00e1le prost\u0159ednictv\u00edm spu\u0161t\u011bn\u00ed funkce tzv. Soukrom\u00e9 prohl\u00ed\u017een\u00ed v prohl\u00ed\u017ee\u010di, kter\u00e9 je koncov\u00e9 za\u0159\u00edzen\u00ed vyu\u017e\u00edv\u00e1, pop\u0159. manu\u00e1ln\u00edm smaz\u00e1n\u00edm v\u0161ech \u010di jednotliv\u00fdch soubor\u016f cookies, kter\u00e9 jsou v jejich koncov\u00e9m za\u0159\u00edzen\u00ed ji\u017e ulo\u017een\u00e9.<\/p>\r\n<p><strong>9.<\/strong><\/p>\r\n<p>Spole\u010dnost iCollagen.sk si vyhrazuje pr\u00e1vo zp\u0159\u00edstupnit ur\u010dit\u00fd obsah sv\u00fdch webov\u00fdch str\u00e1nek jen t\u00edm kupuj\u00edc\u00edm \u010di u\u017eivatel\u016fm, kte\u0159\u00ed poskytli souhlas s ukl\u00e1d\u00e1n\u00edm soubor\u016f cookies na sv\u00fdch koncov\u00fdch za\u0159\u00edzen\u00ed.<\/p>\r\n<p><strong>10.<\/strong><\/p>\r\n<p>P\u0159ed poskytnut\u00edm jak\u00fdchkoliv osobn\u00edch \u00fadaj\u016f je jejich subjekt v\u017edy informov\u00e1n o tom, kter\u00e9 z t\u011bchto \u00fadaj\u016f spole\u010dnost iCollagen.sk pot\u0159ebuje pro napln\u011bn\u00ed p\u0159edm\u011btu kupn\u00ed smlouvy a jejich\u017e poskytnut\u00ed je tedy povinn\u00e9 a kter\u00e9 z t\u011bchto \u00fadaj\u016f jsou poskytnuty dobrovoln\u011b. Subjekt osobn\u00edch \u00fadaj\u016f je tak\u00e9 informov\u00e1n o podm\u00ednk\u00e1ch, za nich\u017e jeho osobn\u00ed \u00fadaje mohou b\u00fdt poskytnuty jin\u00fdm osob\u00e1m nebo org\u00e1n\u016fm.<\/p>\r\n<p><strong>11.<\/strong><\/p>\r\n<p>V p\u0159\u00edpad\u011b nespokojenosti \u010di jak\u00fdchkoli n\u00e1mitek se kupuj\u00edc\u00ed i u\u017eivatel\u00e9 mohou obr\u00e1tit p\u0159\u00edmo na spole\u010dnost iCollagen.sk s.r.o., I\u010cO 52797571, DI\u010c: 2121230243, Komensk\u00e9ho 18\/5, 94501 Kom\u00e1rno, pop\u0159\u00edpad\u011b na emailov\u00e9 adrese info@icollagen.sk.<\/p>\r\n<p><strong>12.<\/strong><\/p>\r\n<p>Tyto podm\u00ednky pro pou\u017e\u00edv\u00e1n\u00ed soubor\u016f cookies a ochran\u011b osobn\u00edch \u00fadaj\u016f v souvislosti s t\u011bmito soubory nab\u00fdvaj\u00ed platnosti a \u00fa\u010dinnosti dne 1.1.2022<\/p>\r\n","protected":false},"excerpt":{"rendered":"<p>Podm\u00ednky spole\u010dnosti iCollagen.sk s.r.o. pro pou\u017e\u00edv\u00e1n\u00ed soubor\u016f cookies a ochran\u011b osobn\u00edch \u00fadaj\u016f v souvislosti s t\u011bmito soubory &nbsp; Podm\u00ednky spole\u010dnosti iCollagen.sk s.r.o., I\u010cO 52797571, DI\u010c: 2121230243, Komensk\u00e9ho 18\/5, 94501 Kom\u00e1rno, Slovensk\u00e1 republika pro pou\u017e\u00edv\u00e1n\u00ed soubor\u016f cookies a ochran\u011b osobn\u00edch \u00fadaj\u016f v souvislosti s t\u011bmito soubory. 1. Tyto podm\u00ednky dopl\u0148uj\u00ed a rozv\u00e1d\u011bj\u00ed v\u0161eobecn\u00e9 obchodn\u00ed podm\u00ednky spole\u010dnosti&hellip;<\/p>\n","protected":false},"author":2,"featured_media":0,"parent":0,"menu_order":0,"comment_status":"closed","ping_status":"open","template":"","meta":{"_uf_show_specific_survey":0,"_uf_disable_surveys":false,"footnotes":""},"class_list":["post-38228","page","type-page","status-publish","hentry","description-off"],"yoast_head":"<!-- This site is optimized with the Yoast SEO plugin v27.3 - https:\/\/yoast.com\/product\/yoast-seo-wordpress\/ -->\n<title>Z\u00e1sady ochrany osobn\u00edch \u00fadaj\u016f - iCollagen.sk<\/title>\n<meta name=\"robots\" content=\"index, follow, max-snippet:-1, max-image-preview:large, max-video-preview:-1\" \/>\n<link rel=\"canonical\" href=\"https:\/\/www.icollagen.sk\/cs\/zasady-ochrany-osobnich-udaju\/\" \/>\n<meta property=\"og:locale\" content=\"cs_CZ\" \/>\n<meta property=\"og:type\" content=\"article\" \/>\n<meta property=\"og:title\" content=\"Z\u00e1sady ochrany osobn\u00edch \u00fadaj\u016f - iCollagen.sk\" \/>\n<meta property=\"og:description\" content=\"Podm\u00ednky spole\u010dnosti iCollagen.sk s.r.o. pro pou\u017e\u00edv\u00e1n\u00ed soubor\u016f cookies a ochran\u011b osobn\u00edch \u00fadaj\u016f v souvislosti s t\u011bmito soubory &nbsp; Podm\u00ednky spole\u010dnosti iCollagen.sk s.r.o., I\u010cO 52797571, DI\u010c: 2121230243, Komensk\u00e9ho 18\/5, 94501 Kom\u00e1rno, Slovensk\u00e1 republika pro pou\u017e\u00edv\u00e1n\u00ed soubor\u016f cookies a ochran\u011b osobn\u00edch \u00fadaj\u016f v souvislosti s t\u011bmito soubory. 1. Tyto podm\u00ednky dopl\u0148uj\u00ed a rozv\u00e1d\u011bj\u00ed v\u0161eobecn\u00e9 obchodn\u00ed podm\u00ednky spole\u010dnosti&hellip;\" \/>\n<meta property=\"og:url\" content=\"https:\/\/www.icollagen.sk\/cs\/zasady-ochrany-osobnich-udaju\/\" \/>\n<meta property=\"og:site_name\" content=\"iCollagen.sk\" \/>\n<meta property=\"article:publisher\" content=\"https:\/\/www.facebook.com\/icollagen.sk\" \/>\n<meta name=\"twitter:card\" content=\"summary_large_image\" \/>\n<meta name=\"twitter:label1\" content=\"Odhadovan\u00e1 doba \u010dten\u00ed\" \/>\n\t<meta name=\"twitter:data1\" content=\"4 minuty\" \/>\n<script type=\"application\/ld+json\" class=\"yoast-schema-graph\">{\"@context\":\"https:\\\/\\\/schema.org\",\"@graph\":[{\"@type\":\"WebPage\",\"@id\":\"https:\\\/\\\/www.icollagen.sk\\\/cs\\\/zasady-ochrany-osobnich-udaju\\\/\",\"url\":\"https:\\\/\\\/www.icollagen.sk\\\/cs\\\/zasady-ochrany-osobnich-udaju\\\/\",\"name\":\"Z\u00e1sady ochrany osobn\u00edch \u00fadaj\u016f - iCollagen.sk\",\"isPartOf\":{\"@id\":\"https:\\\/\\\/www.icollagen.sk\\\/cs\\\/#website\"},\"datePublished\":\"2022-02-15T11:43:50+00:00\",\"breadcrumb\":{\"@id\":\"https:\\\/\\\/www.icollagen.sk\\\/cs\\\/zasady-ochrany-osobnich-udaju\\\/#breadcrumb\"},\"inLanguage\":\"cs\",\"potentialAction\":[{\"@type\":\"ReadAction\",\"target\":[\"https:\\\/\\\/www.icollagen.sk\\\/cs\\\/zasady-ochrany-osobnich-udaju\\\/\"]}]},{\"@type\":\"BreadcrumbList\",\"@id\":\"https:\\\/\\\/www.icollagen.sk\\\/cs\\\/zasady-ochrany-osobnich-udaju\\\/#breadcrumb\",\"itemListElement\":[{\"@type\":\"ListItem\",\"position\":1,\"name\":\"Home\",\"item\":\"https:\\\/\\\/www.icollagen.sk\\\/cs\\\/\"},{\"@type\":\"ListItem\",\"position\":2,\"name\":\"Z\u00e1sady ochrany osobn\u00edch \u00fadaj\u016f\"}]},{\"@type\":\"WebSite\",\"@id\":\"https:\\\/\\\/www.icollagen.sk\\\/cs\\\/#website\",\"url\":\"https:\\\/\\\/www.icollagen.sk\\\/cs\\\/\",\"name\":\"iCollagen.sk\",\"description\":\"Produkt najvy\u0161\u0161ej kvality\",\"publisher\":{\"@id\":\"https:\\\/\\\/www.icollagen.sk\\\/cs\\\/#organization\"},\"potentialAction\":[{\"@type\":\"SearchAction\",\"target\":{\"@type\":\"EntryPoint\",\"urlTemplate\":\"https:\\\/\\\/www.icollagen.sk\\\/cs\\\/?s={search_term_string}\"},\"query-input\":{\"@type\":\"PropertyValueSpecification\",\"valueRequired\":true,\"valueName\":\"search_term_string\"}}],\"inLanguage\":\"cs\"},{\"@type\":\"Organization\",\"@id\":\"https:\\\/\\\/www.icollagen.sk\\\/cs\\\/#organization\",\"name\":\"iCollagen.sk, s.r.o.\",\"url\":\"https:\\\/\\\/www.icollagen.sk\\\/cs\\\/\",\"logo\":{\"@type\":\"ImageObject\",\"inLanguage\":\"cs\",\"@id\":\"https:\\\/\\\/www.icollagen.sk\\\/cs\\\/#\\\/schema\\\/logo\\\/image\\\/\",\"url\":\"https:\\\/\\\/www.icollagen.sk\\\/wp-content\\\/uploads\\\/2020\\\/12\\\/icollagen.icon_.jpg\",\"contentUrl\":\"https:\\\/\\\/www.icollagen.sk\\\/wp-content\\\/uploads\\\/2020\\\/12\\\/icollagen.icon_.jpg\",\"width\":320,\"height\":320,\"caption\":\"iCollagen.sk, s.r.o.\"},\"image\":{\"@id\":\"https:\\\/\\\/www.icollagen.sk\\\/cs\\\/#\\\/schema\\\/logo\\\/image\\\/\"},\"sameAs\":[\"https:\\\/\\\/www.facebook.com\\\/icollagen.sk\",\"https:\\\/\\\/www.instagram.com\\\/icollagen.sk\\\/\"]}]}<\/script>\n<!-- \/ Yoast SEO plugin. -->","yoast_head_json":{"title":"Z\u00e1sady ochrany osobn\u00edch \u00fadaj\u016f - iCollagen.sk","robots":{"index":"index","follow":"follow","max-snippet":"max-snippet:-1","max-image-preview":"max-image-preview:large","max-video-preview":"max-video-preview:-1"},"canonical":"https:\/\/www.icollagen.sk\/cs\/zasady-ochrany-osobnich-udaju\/","og_locale":"cs_CZ","og_type":"article","og_title":"Z\u00e1sady ochrany osobn\u00edch \u00fadaj\u016f - iCollagen.sk","og_description":"Podm\u00ednky spole\u010dnosti iCollagen.sk s.r.o. pro pou\u017e\u00edv\u00e1n\u00ed soubor\u016f cookies a ochran\u011b osobn\u00edch \u00fadaj\u016f v souvislosti s t\u011bmito soubory &nbsp; Podm\u00ednky spole\u010dnosti iCollagen.sk s.r.o., I\u010cO 52797571, DI\u010c: 2121230243, Komensk\u00e9ho 18\/5, 94501 Kom\u00e1rno, Slovensk\u00e1 republika pro pou\u017e\u00edv\u00e1n\u00ed soubor\u016f cookies a ochran\u011b osobn\u00edch \u00fadaj\u016f v souvislosti s t\u011bmito soubory. 1. Tyto podm\u00ednky dopl\u0148uj\u00ed a rozv\u00e1d\u011bj\u00ed v\u0161eobecn\u00e9 obchodn\u00ed podm\u00ednky spole\u010dnosti&hellip;","og_url":"https:\/\/www.icollagen.sk\/cs\/zasady-ochrany-osobnich-udaju\/","og_site_name":"iCollagen.sk","article_publisher":"https:\/\/www.facebook.com\/icollagen.sk","twitter_card":"summary_large_image","twitter_misc":{"Odhadovan\u00e1 doba \u010dten\u00ed":"4 minuty"},"schema":{"@context":"https:\/\/schema.org","@graph":[{"@type":"WebPage","@id":"https:\/\/www.icollagen.sk\/cs\/zasady-ochrany-osobnich-udaju\/","url":"https:\/\/www.icollagen.sk\/cs\/zasady-ochrany-osobnich-udaju\/","name":"Z\u00e1sady ochrany osobn\u00edch \u00fadaj\u016f - iCollagen.sk","isPartOf":{"@id":"https:\/\/www.icollagen.sk\/cs\/#website"},"datePublished":"2022-02-15T11:43:50+00:00","breadcrumb":{"@id":"https:\/\/www.icollagen.sk\/cs\/zasady-ochrany-osobnich-udaju\/#breadcrumb"},"inLanguage":"cs","potentialAction":[{"@type":"ReadAction","target":["https:\/\/www.icollagen.sk\/cs\/zasady-ochrany-osobnich-udaju\/"]}]},{"@type":"BreadcrumbList","@id":"https:\/\/www.icollagen.sk\/cs\/zasady-ochrany-osobnich-udaju\/#breadcrumb","itemListElement":[{"@type":"ListItem","position":1,"name":"Home","item":"https:\/\/www.icollagen.sk\/cs\/"},{"@type":"ListItem","position":2,"name":"Z\u00e1sady ochrany osobn\u00edch \u00fadaj\u016f"}]},{"@type":"WebSite","@id":"https:\/\/www.icollagen.sk\/cs\/#website","url":"https:\/\/www.icollagen.sk\/cs\/","name":"iCollagen.sk","description":"Produkt najvy\u0161\u0161ej kvality","publisher":{"@id":"https:\/\/www.icollagen.sk\/cs\/#organization"},"potentialAction":[{"@type":"SearchAction","target":{"@type":"EntryPoint","urlTemplate":"https:\/\/www.icollagen.sk\/cs\/?s={search_term_string}"},"query-input":{"@type":"PropertyValueSpecification","valueRequired":true,"valueName":"search_term_string"}}],"inLanguage":"cs"},{"@type":"Organization","@id":"https:\/\/www.icollagen.sk\/cs\/#organization","name":"iCollagen.sk, s.r.o.","url":"https:\/\/www.icollagen.sk\/cs\/","logo":{"@type":"ImageObject","inLanguage":"cs","@id":"https:\/\/www.icollagen.sk\/cs\/#\/schema\/logo\/image\/","url":"https:\/\/www.icollagen.sk\/wp-content\/uploads\/2020\/12\/icollagen.icon_.jpg","contentUrl":"https:\/\/www.icollagen.sk\/wp-content\/uploads\/2020\/12\/icollagen.icon_.jpg","width":320,"height":320,"caption":"iCollagen.sk, s.r.o."},"image":{"@id":"https:\/\/www.icollagen.sk\/cs\/#\/schema\/logo\/image\/"},"sameAs":["https:\/\/www.facebook.com\/icollagen.sk","https:\/\/www.instagram.com\/icollagen.sk\/"]}]}},"_links":{"self":[{"href":"https:\/\/www.icollagen.sk\/cs\/wp-json\/wp\/v2\/pages\/38228","targetHints":{"allow":["GET"]}}],"collection":[{"href":"https:\/\/www.icollagen.sk\/cs\/wp-json\/wp\/v2\/pages"}],"about":[{"href":"https:\/\/www.icollagen.sk\/cs\/wp-json\/wp\/v2\/types\/page"}],"author":[{"embeddable":true,"href":"https:\/\/www.icollagen.sk\/cs\/wp-json\/wp\/v2\/users\/2"}],"replies":[{"embeddable":true,"href":"https:\/\/www.icollagen.sk\/cs\/wp-json\/wp\/v2\/comments?post=38228"}],"version-history":[{"count":0,"href":"https:\/\/www.icollagen.sk\/cs\/wp-json\/wp\/v2\/pages\/38228\/revisions"}],"wp:attachment":[{"href":"https:\/\/www.icollagen.sk\/cs\/wp-json\/wp\/v2\/media?parent=38228"}],"curies":[{"name":"wp","href":"https:\/\/api.w.org\/{rel}","templated":true}]}}